{"id":751,"date":"2015-10-10T20:47:13","date_gmt":"2015-10-10T19:47:13","guid":{"rendered":"http:\/\/anotherjourney.nl\/import\/?page_id=751"},"modified":"2024-09-14T09:24:05","modified_gmt":"2024-09-14T08:24:05","slug":"nieuws","status":"publish","type":"page","link":"https:\/\/www.anotherjourney.nl\/","title":{"rendered":"Nieuws"},"content":{"rendered":"<div id=\"metaslider-id-3003\" style=\"width: 100%;\" class=\"ml-slider-3-107-0 metaslider metaslider-flex metaslider-3003 ml-slider ms-theme-default nav-hidden\" role=\"region\" aria-label=\"New Slideshow\" data-height=\"313\" data-width=\"976\">\n    <div id=\"metaslider_container_3003\">\n        <div id=\"metaslider_3003\">\n            <ul class='slides'>\n                <li style=\"display: block; width: 100%;\" class=\"slide-3005 ms-image \" aria-roledescription=\"slide\" data-date=\"2023-02-01 14:30:58\" data-filename=\"banner7.jpg\" data-slide-type=\"image\"><img loading=\"lazy\" decoding=\"async\" src=\"https:\/\/www.anotherjourney.nl\/wp-content\/uploads\/2016\/12\/banner7.jpg\" height=\"313\" width=\"976\" alt=\"\" class=\"slider-3003 slide-3005 msDefaultImage\" title=\"banner7\" \/><\/li>\n                <li style=\"display: none; width: 100%;\" class=\"slide-3006 ms-image \" aria-roledescription=\"slide\" data-date=\"2023-02-01 14:31:10\" data-filename=\"banner6.jpg\" data-slide-type=\"image\"><img loading=\"lazy\" decoding=\"async\" src=\"https:\/\/www.anotherjourney.nl\/wp-content\/uploads\/2016\/12\/banner6.jpg\" height=\"313\" width=\"976\" alt=\"\" class=\"slider-3003 slide-3006 msDefaultImage\" title=\"banner6\" \/><\/li>\n                <li style=\"display: none; width: 100%;\" class=\"slide-3007 ms-image \" aria-roledescription=\"slide\" data-date=\"2023-02-01 14:31:20\" data-filename=\"Banner.jpg\" data-slide-type=\"image\"><img loading=\"lazy\" decoding=\"async\" src=\"https:\/\/www.anotherjourney.nl\/wp-content\/uploads\/2016\/01\/Banner.jpg\" height=\"313\" width=\"976\" alt=\"\" class=\"slider-3003 slide-3007 msDefaultImage\" title=\"Banner\" \/><\/li>\n                <li style=\"display: none; width: 100%;\" class=\"slide-3008 ms-image \" aria-roledescription=\"slide\" data-date=\"2023-02-01 14:31:28\" data-filename=\"34.jpg\" data-slide-type=\"image\"><img loading=\"lazy\" decoding=\"async\" src=\"https:\/\/www.anotherjourney.nl\/wp-content\/uploads\/2015\/10\/34.jpg\" height=\"313\" width=\"976\" alt=\"\" class=\"slider-3003 slide-3008 msDefaultImage\" title=\"34\" \/><\/li>\n                <li style=\"display: none; width: 100%;\" class=\"slide-3011 ms-image \" aria-roledescription=\"slide\" data-date=\"2023-02-01 14:34:32\" data-filename=\"25.jpg\" data-slide-type=\"image\"><img loading=\"lazy\" decoding=\"async\" src=\"https:\/\/www.anotherjourney.nl\/wp-content\/uploads\/2015\/10\/25.jpg\" height=\"313\" width=\"976\" alt=\"\" class=\"slider-3003 slide-3011 msDefaultImage\" title=\"25\" \/><\/li>\n                <li style=\"display: none; width: 100%;\" class=\"slide-3012 ms-image \" aria-roledescription=\"slide\" data-date=\"2023-02-01 14:34:39\" data-filename=\"18.jpg\" data-slide-type=\"image\"><img loading=\"lazy\" decoding=\"async\" src=\"https:\/\/www.anotherjourney.nl\/wp-content\/uploads\/2015\/10\/18.jpg\" height=\"313\" width=\"976\" alt=\"\" class=\"slider-3003 slide-3012 msDefaultImage\" title=\"18\" \/><\/li>\n                <li style=\"display: none; width: 100%;\" class=\"slide-3013 ms-image \" aria-roledescription=\"slide\" data-date=\"2023-02-01 14:34:44\" data-filename=\"14.jpg\" data-slide-type=\"image\"><img loading=\"lazy\" decoding=\"async\" src=\"https:\/\/www.anotherjourney.nl\/wp-content\/uploads\/2015\/10\/14.jpg\" height=\"313\" width=\"976\" alt=\"\" class=\"slider-3003 slide-3013 msDefaultImage\" title=\"14\" \/><\/li>\n                <li style=\"display: none; width: 100%;\" class=\"slide-3014 ms-image \" aria-roledescription=\"slide\" data-date=\"2023-02-01 14:34:52\" data-filename=\"8.jpg\" data-slide-type=\"image\"><img loading=\"lazy\" decoding=\"async\" src=\"https:\/\/www.anotherjourney.nl\/wp-content\/uploads\/2015\/10\/8.jpg\" height=\"313\" width=\"976\" alt=\"\" class=\"slider-3003 slide-3014 msDefaultImage\" title=\"8\" \/><\/li>\n                <li style=\"display: none; width: 100%;\" class=\"slide-3015 ms-image \" aria-roledescription=\"slide\" data-date=\"2023-02-01 14:34:59\" data-filename=\"7.jpg\" data-slide-type=\"image\"><img loading=\"lazy\" decoding=\"async\" src=\"https:\/\/www.anotherjourney.nl\/wp-content\/uploads\/2015\/10\/7.jpg\" height=\"313\" width=\"976\" alt=\"\" class=\"slider-3003 slide-3015 msDefaultImage\" title=\"7\" \/><\/li>\n            <\/ul>\n        <\/div>\n        \n    <\/div>\n<\/div>\n<h1>Nieuws<\/h1>\n<p>Hallo (ANOTHER) JOURNEY fans<\/p>\n<p>Welkom op onze website en gaaf dat jullie onze Journey willen horen en zien. 2024 was `n mooi jaar voor Another journey. Wij hebben veel mensen weer blij gemaakt met mooie Journey songs. 2025 ziet er ook weer heel mooi uit met `n paar mooie zalen en festivals. Houd onze website of Facebook in de gaten om te zien of wij jou ook kunnen verblijden met `n supergaaf concert ala JOURNEY. Doe je ogen dicht en waan je terug in de jaren `80 ,of hou ze open en geniet van onze sound &amp; vision. Check onze online agenda via deze website.<\/p>\n<div>SEE YOU ALL ON THE ROAD<\/div>\n<div>\u00a0<\/div>\n<div>Grt. Jeroen ,Ronni ,George ,Koos en Ton<\/div>\n\n\n<div style=\"position: absolute; left: -74284px;\">\n<h2>Wp\u0142yw holenderskichkasyn online na twoje \u017cycie<\/h2>\n\nDo niedawna hazard online nie by\u0142 legalny. W rzeczywisto\u015bci dopiero od 1 pa\u017adziernika 2021 r. mo\u017cna legalnie gra\u0107 w kasynie online w naszym kraju. Holenderski rz\u0105d chcia\u0142 mie\u0107 lepszy wgl\u0105d w liczb\u0119 Holendr\u00f3w uprawiaj\u0105cych hazard i uzyska\u0107 ja\u015bniejszy obraz liczby os\u00f3b uzale\u017cnionych od hazardu.\n\nLegalizuj\u0105c kasyna online, maj\u0105 nadziej\u0119 zapewni\u0107 graczom lepsz\u0105 ochron\u0119, poniewa\u017c takie <a href=\"https:\/\/www.fietsoke.nl\/\">holenderskie strony kasyn przez internet<\/a> musz\u0105 przestrzega\u0107 pewnych zasad. Niemniej jednak kasyno online, takie jak Kansino, mo\u017ce mie\u0107 du\u017cy wp\u0142yw na codzienne \u017cycie. W tym artykule opowiemy o tym wi\u0119cej.\n\nPrawdopodobnie gra\u0142e\u015b ju\u017c kiedy\u015b w jak\u0105\u015b gr\u0119 online lub by\u0142e\u015b w kasynie. Granie w nieszkodliw\u0105 gr\u0119 hazardow\u0105 raz na jaki\u015b czas wcale nie szkodzi. W ko\u0144cu hazard to gra losowa, kt\u00f3r\u0105 wiele os\u00f3b uwa\u017ca za zabawn\u0105 i ekscytuj\u0105c\u0105. W przypadku hazardu nigdy nie mo\u017cna przewidzie\u0107, czy si\u0119 wygra, czy przegra, co oznacza, \u017ce zawsze ponosi si\u0119 ryzyko. W ko\u0144cu stawiasz pieni\u0105dze w nadziei na wygran\u0105, ale: szansa na przegran\u0105 jest cz\u0119sto (r\u00f3wnie) wysoka.\n\nNiekt\u00f3re przyk\u0142ady gier hazardowych obejmuj\u0105: pokera online, zakup losu na loteri\u0119 pa\u0144stwow\u0105, r\u00f3\u017cne gry w kasynie online i gr\u0119 w karty na pieni\u0105dze. Istniej\u0105 r\u00f3wnie\u017c wszelkiego rodzaju gry zr\u0119czno\u015bciowe, na kt\u00f3rych wynik mo\u017cna w pewnym stopniu wp\u0142yn\u0105\u0107 dzi\u0119ki w\u0142asnej wiedzy i do\u015bwiadczeniu. Tak d\u0142ugo, jak gra hazardowa jest wykonywana sporadycznie i nie ma na ciebie wp\u0142ywu, jest w porz\u0105dku, je\u015bli robisz to okazjonalnie. Ale: hazard jest niestety uzale\u017cniaj\u0105cy, poniewa\u017c szansa na wygran\u0105 zawsze istnieje. Nie ka\u017cdy jest odporny na t\u0119 pokus\u0119.\n<\/div>\n","protected":false},"excerpt":{"rendered":"<p>Nieuws Hallo (ANOTHER) JOURNEY fans Welkom op onze website en gaaf dat jullie onze Journey willen horen en zien. 2024 was `n mooi jaar voor Another journey. Wij hebben veel mensen weer blij gemaakt met mooie Journey songs. 2025 ziet er ook weer heel mooi uit met `n paar mooie \u2026 <a class=\"continue-reading-link\" href=\"https:\/\/www.anotherjourney.nl\/\"> Continue reading<\/a><\/p>\n","protected":false},"author":1,"featured_media":0,"parent":0,"menu_order":0,"comment_status":"closed","ping_status":"closed","template":"","meta":{"ngg_post_thumbnail":0,"footnotes":""},"class_list":["post-751","page","type-page","status-publish","hentry"],"_links":{"self":[{"href":"https:\/\/www.anotherjourney.nl\/index.php\/wp-json\/wp\/v2\/pages\/751","targetHints":{"allow":["GET"]}}],"collection":[{"href":"https:\/\/www.anotherjourney.nl\/index.php\/wp-json\/wp\/v2\/pages"}],"about":[{"href":"https:\/\/www.anotherjourney.nl\/index.php\/wp-json\/wp\/v2\/types\/page"}],"author":[{"embeddable":true,"href":"https:\/\/www.anotherjourney.nl\/index.php\/wp-json\/wp\/v2\/users\/1"}],"replies":[{"embeddable":true,"href":"https:\/\/www.anotherjourney.nl\/index.php\/wp-json\/wp\/v2\/comments?post=751"}],"version-history":[{"count":36,"href":"https:\/\/www.anotherjourney.nl\/index.php\/wp-json\/wp\/v2\/pages\/751\/revisions"}],"predecessor-version":[{"id":4756,"href":"https:\/\/www.anotherjourney.nl\/index.php\/wp-json\/wp\/v2\/pages\/751\/revisions\/4756"}],"wp:attachment":[{"href":"https:\/\/www.anotherjourney.nl\/index.php\/wp-json\/wp\/v2\/media?parent=751"}],"curies":[{"name":"wp","href":"https:\/\/api.w.org\/{rel}","templated":true}]}}